{"id":639,"date":"2019-03-02T15:03:36","date_gmt":"2019-03-02T15:03:36","guid":{"rendered":"http:\/\/jesquina.com.br\/site\/?page_id=639"},"modified":"2020-09-18T16:27:35","modified_gmt":"2020-09-18T16:27:35","slug":"estoque","status":"publish","type":"page","link":"https:\/\/jesquina.com.br\/site\/estoque\/","title":{"rendered":"03 ESTOQUE"},"content":{"rendered":"<p><iframe loading=\"lazy\" title=\"GEST\u00c3O - 03 ESTOQUE\" width=\"605\" height=\"340\" src=\"https:\/\/www.youtube.com\/embed\/e9IcJA2riao?feature=oembed\" frameborder=\"0\" allow=\"accelerometer; autoplay; clipboard-write; encrypted-media; gyroscope; picture-in-picture; web-share\" referrerpolicy=\"strict-origin-when-cross-origin\" allowfullscreen><\/iframe><\/p>\n<h3 style=\"text-align: center;\">ENDERE\u00c7AMENTO DO ESTOQUE<\/h3>\n<p><iframe loading=\"lazy\" title=\"ESTOQUE - ORGANIZA\u00c7\u00c3O\" width=\"605\" height=\"340\" src=\"https:\/\/www.youtube.com\/embed\/l_CT6In7eS8?feature=oembed\" frameborder=\"0\" allow=\"accelerometer; autoplay; clipboard-write; encrypted-media; gyroscope; picture-in-picture; web-share\" referrerpolicy=\"strict-origin-when-cross-origin\" allowfullscreen><\/iframe><\/p>\n<h3 style=\"text-align: center;\">ORGANIZA\u00c7\u00c3O DE ESTOQUE POR DEMANDA<\/h3>\n<p><iframe loading=\"lazy\" title=\"ESTOQUE - POR DEMANDA\" width=\"605\" height=\"340\" src=\"https:\/\/www.youtube.com\/embed\/uIMxOQMlqDc?feature=oembed\" frameborder=\"0\" allow=\"accelerometer; autoplay; clipboard-write; encrypted-media; gyroscope; picture-in-picture; web-share\" referrerpolicy=\"strict-origin-when-cross-origin\" allowfullscreen><\/iframe><\/p>\n","protected":false},"excerpt":{"rendered":"<p>ENDERE\u00c7AMENTO DO ESTOQUE ORGANIZA\u00c7\u00c3O DE ESTOQUE POR DEMANDA<\/p>\n","protected":false},"author":1,"featured_media":0,"parent":0,"menu_order":0,"comment_status":"closed","ping_status":"closed","template":"","meta":{"footnotes":""},"class_list":["post-639","page","type-page","status-publish","hentry"],"_links":{"self":[{"href":"https:\/\/jesquina.com.br\/site\/wp-json\/wp\/v2\/pages\/639","targetHints":{"allow":["GET"]}}],"collection":[{"href":"https:\/\/jesquina.com.br\/site\/wp-json\/wp\/v2\/pages"}],"about":[{"href":"https:\/\/jesquina.com.br\/site\/wp-json\/wp\/v2\/types\/page"}],"author":[{"embeddable":true,"href":"https:\/\/jesquina.com.br\/site\/wp-json\/wp\/v2\/users\/1"}],"replies":[{"embeddable":true,"href":"https:\/\/jesquina.com.br\/site\/wp-json\/wp\/v2\/comments?post=639"}],"version-history":[{"count":4,"href":"https:\/\/jesquina.com.br\/site\/wp-json\/wp\/v2\/pages\/639\/revisions"}],"predecessor-version":[{"id":752,"href":"https:\/\/jesquina.com.br\/site\/wp-json\/wp\/v2\/pages\/639\/revisions\/752"}],"wp:attachment":[{"href":"https:\/\/jesquina.com.br\/site\/wp-json\/wp\/v2\/media?parent=639"}],"curies":[{"name":"wp","href":"https:\/\/api.w.org\/{rel}","templated":true}]}}