{"id":648,"date":"2019-03-02T15:18:26","date_gmt":"2019-03-02T15:18:26","guid":{"rendered":"http:\/\/jesquina.com.br\/site\/?page_id=648"},"modified":"2019-03-02T15:46:37","modified_gmt":"2019-03-02T15:46:37","slug":"producao","status":"publish","type":"page","link":"https:\/\/jesquina.com.br\/site\/producao\/","title":{"rendered":"PRODU\u00c7\u00c3O"},"content":{"rendered":"<h3 style=\"text-align: center;\">MODELO DE FORMULA\u00c7\u00c3O E PRODUTO<\/h3>\n<p style=\"text-align: left;\"><iframe loading=\"lazy\" title=\"GEST\u00c3O - FORMULA\u00c7\u00c3O DE PRODUTOS\" width=\"605\" height=\"454\" src=\"https:\/\/www.youtube.com\/embed\/spQi62cj_bw?feature=oembed\" frameborder=\"0\" allow=\"accelerometer; autoplay; clipboard-write; encrypted-media; gyroscope; picture-in-picture; web-share\" referrerpolicy=\"strict-origin-when-cross-origin\" allowfullscreen><\/iframe><\/p>\n<p>&nbsp;<\/p>\n<p><strong>F<\/strong><strong>ORMULA\u00c7\u00c3O DE <\/strong><strong>P<\/strong><strong>RODUTOS<\/strong><\/p>\n<p><strong>A<\/strong><strong>PRESENTA\u00c7\u00c3O<\/strong><\/p>\n<p><strong>\u00a0\u00a0\u00a0\u00a0\u00a0\u00a0\u00a0\u00a0\u00a0\u00a0\u00a0\u00a0\u00a0\u00a0 <\/strong>Produ\u00e7\u00e3o significa transforma\u00e7\u00e3o de mat\u00e9ria prima, insumos e servi\u00e7os em um produto final que pode ser utilizado como insumo de novos produtos ou simplesmente comercializado no mercado. Toda produ\u00e7\u00e3o necessita de uma ferramenta de controle de apura\u00e7\u00e3o dos custos e elabora\u00e7\u00e3o de pre\u00e7os de venda, o sistema de formula\u00e7\u00e3o de produtos tem a mesma metodologia tanto para grandes, m\u00e9dias ou pequenas empresas, at\u00e9 mesmo para o setor informal. Este modelo \u00e9 o passo inicial para elabora\u00e7\u00e3o da f\u00f3rmula do produto e com o passar do tempo cada empresa ter\u00e1 sua estrutura personalizada de acordo com as caracter\u00edsticas do produto e da linha de produ\u00e7\u00e3o sem perder o conceito aqui demonstrado.<\/p>\n<p><strong>P<\/strong><strong>RODUTO <\/strong><strong>M<\/strong><strong>ODELO<\/strong><\/p>\n<p><strong>\u00a0\u00a0\u00a0\u00a0\u00a0\u00a0\u00a0\u00a0\u00a0\u00a0\u00a0\u00a0\u00a0\u00a0 <\/strong>Para o nosso exemplo escolhemos um produto b\u00e1sico fabricado com materiais conhecidos; uma mesa de escrit\u00f3rio fabricada com madeira e cola. Neste exemplo mostramos como dar in\u00edcio a uma estrutura de controle de produ\u00e7\u00e3o atrav\u00e9s de uma planilha de Excel, nela podemos avaliar os custos e a produtividade de cada etapa do processo de produ\u00e7\u00e3o. Este modelo tem meramente a finalidade de ilustrar a apresenta\u00e7\u00e3o sem levar em conta detalhes t\u00e9cnicos e metodologia de constru\u00e7\u00e3o.<\/p>\n<p><strong>F<\/strong><strong>ORMULA\u00c7\u00c3O<\/strong><\/p>\n<p><strong>A<\/strong><strong>PRESENTA\u00c7\u00c3O DA <\/strong><strong>P<\/strong><strong>LANILHA<\/strong><\/p>\n<p>Esta planilha foi desenvolvida com objetivo de servir de modelo o empres\u00e1rio na cria\u00e7\u00e3o de sua pr\u00f3pria estrutura de custos. \u00c9 composta de 4 m\u00f3dulos integrados que realizam c\u00e1lculos cruzados entre si.<\/p>\n<p style=\"text-align: center;\"><strong>M<\/strong><strong>\u00d3DULOS DE <\/strong><strong>C<\/strong><strong>\u00c1LCULO<\/strong><\/p>\n<p style=\"text-align: center;\"><strong>LISTA DE COMPONENTES<\/strong><\/p>\n<p><img loading=\"lazy\" decoding=\"async\" class=\"alignnone wp-image-654 size-medium aligncenter\" src=\"https:\/\/jesquina.com.br\/site\/wp-content\/uploads\/2019\/03\/MODULO-1-300x240.jpg\" alt=\"\" width=\"300\" height=\"240\" srcset=\"https:\/\/jesquina.com.br\/site\/wp-content\/uploads\/2019\/03\/MODULO-1-300x240.jpg 300w, https:\/\/jesquina.com.br\/site\/wp-content\/uploads\/2019\/03\/MODULO-1-100x80.jpg 100w, https:\/\/jesquina.com.br\/site\/wp-content\/uploads\/2019\/03\/MODULO-1-150x120.jpg 150w, https:\/\/jesquina.com.br\/site\/wp-content\/uploads\/2019\/03\/MODULO-1-200x160.jpg 200w, https:\/\/jesquina.com.br\/site\/wp-content\/uploads\/2019\/03\/MODULO-1-450x360.jpg 450w, https:\/\/jesquina.com.br\/site\/wp-content\/uploads\/2019\/03\/MODULO-1-600x480.jpg 600w, https:\/\/jesquina.com.br\/site\/wp-content\/uploads\/2019\/03\/MODULO-1.jpg 720w\" sizes=\"auto, (max-width: 300px) 100vw, 300px\" \/><\/p>\n<p>O passo inicial \u00e9 fazer uma rela\u00e7\u00e3o de todos os itens que comp\u00f5e o produto entre material e servi\u00e7os (M.O.).<\/p>\n<p>Os materiais s\u00e3o reacionados por categorias; mat\u00e9ria prima, insumos, pe\u00e7as e servi\u00e7os. No caso da mesa de escrit\u00f3rio temos tr\u00eas categorias de materiais e duas de servi\u00e7o:<\/p>\n<p><strong>Mat\u00e9ria Prima<\/strong>\u00a0 -&gt; T\u00e1bua de pinus de 20cm de largura por 2cm de espessura e 3,00m de comprimento, este material ser\u00e1 manufaturado no processo de produ\u00e7\u00e3o at\u00e9 se tornar um componente da mesa.<\/p>\n<p>&nbsp;<\/p>\n<p><strong>\u00a0<\/strong><strong>T\u00c1BUA DE PINUS 20x2x300 &#8211;\u00a0 UNIDADE DE MEDIDA = ML <\/strong><strong>(METROS LINEARES)<\/strong><\/p>\n<p><strong>\u00a0<\/strong><strong>\u00a0<\/strong><\/p>\n<p><strong>Insumos -&gt;<\/strong> Cola e Lixa, Verniz, etc.-&gt; Estes dois produtos s\u00e3o agregados \u00e0s pe\u00e7as e\u00a0 sendo consumidos durante o processo de produ\u00e7\u00e3o.<\/p>\n<p><strong>COLA PARA MADEIRA \u2013 UNIDADE DE MEDIDA = L <\/strong><strong>(LITROS)<\/strong><\/p>\n<p><strong>\u00a0<\/strong><strong>LIXA PARA MADEIRA \u2013 UNIDADE DE MEDIDA = FL <\/strong><strong>(FOLHAS)<\/strong><\/p>\n<p><strong>VERNIZ PARA MADEIRA \u2013 UNIDADE DE MEDIDA = L <\/strong><strong>(LITROS)<\/strong><\/p>\n<p><strong>Pe\u00e7as-&gt;<\/strong> S\u00e3o os componentes que j\u00e1 vem prontos para agregar ao produto, n\u00e3o s\u00e3o manufaturados no processo de fabrica\u00e7\u00e3o.<\/p>\n<p><strong>VIDRO LISO TRANSPARENTE 5mm \u2013 UNIDADE DE MEDIDA = M<sup>2 <\/sup><\/strong><strong>(METROS QUADRADOS)<\/strong><\/p>\n<p><strong>Servi\u00e7os M.O.-&gt;<\/strong> Rela\u00e7\u00e3o dos tipos de servi\u00e7os necess\u00e1rios \u00e0 produ\u00e7\u00e3o da mesa; M\u00e3o de obra para cortar, lixar, envernizar e montar a mesa. Para calcular o custo da m\u00e3o de obra pegamos o sal\u00e1rio m\u00e9dio de um funcion\u00e1rio acrescentamos mais 47% de encargos referentes ao 13<sup>0<\/sup> sal\u00e1rio, f\u00e9rias e os acr\u00e9scimos exigidos por lei, desta forma obtemos um custo mensal que ser\u00e1 dividido pela quantidade de horas trabalhadas, no caso 240 horas m\u00eas, assim chegamos a um custo\/hora de m\u00e3o de obra.<\/p>\n<p><strong>\u00a0<\/strong><\/p>\n<p><strong>M\u00c3O DE OBRA (<\/strong><strong>CORTE, LIXA, VERNIZ, MONTAGEM<\/strong><strong>) \u2013 UNIDADE DE MEDIDA = H<\/strong><\/p>\n<p><strong>Servi\u00e7os<\/strong><strong> &#8211;<\/strong><strong> M\u00e1quinas El\u00e9tricas<\/strong><strong> -&gt;<\/strong> Todo processo que envolve o uso de ferramentas el\u00e9tricas deve considerar o consumo das m\u00e1quinas mais um percentual de deprecia\u00e7\u00e3o e manuten\u00e7\u00e3o, este valor pode ser facilmente obtido atrav\u00e9s da pot\u00eancia do equipamento e do tipo de aplica\u00e7\u00e3o, assim calculamos quantos KW\/hora \u00e9 consumido em uma hora de trabalho. A deprecia\u00e7\u00e3o pode ser calculada tomando-se o tempo de vida \u00fatil do equipamento em condi\u00e7\u00f5es severas o custo do produto \u00e9 dividido por este valor, assim temos um fator de deprecia\u00e7\u00e3o por hora de trabalho. A manuten\u00e7\u00e3o vai variar em fun\u00e7\u00e3o da carga de trabalho que a ferramenta \u00e9 submetida.<\/p>\n<p><strong>USO DE M\u00c1QUINAS EL\u00c9TRICAS \u2013 UNIDADE DE MEDIDA = H<\/strong><\/p>\n<p>Os custos informados neste m\u00f3dulo s\u00e3o transferidos automaticamente para o m\u00f3dulo de formula\u00e7\u00e3o e processos onde ser\u00e1 calculado o custo final de cada item da f\u00f3rmula.<\/p>\n<ul>\n<li style=\"text-align: center;\"><strong>FORMULA\u00c7\u00c3O DO PRODUTO<\/strong><\/li>\n<\/ul>\n<p><img loading=\"lazy\" decoding=\"async\" class=\"wp-image-655 size-large aligncenter\" src=\"https:\/\/jesquina.com.br\/site\/wp-content\/uploads\/2019\/03\/MODULO-2-1024x557.jpg\" alt=\"\" width=\"605\" height=\"329\" srcset=\"https:\/\/jesquina.com.br\/site\/wp-content\/uploads\/2019\/03\/MODULO-2-1024x557.jpg 1024w, https:\/\/jesquina.com.br\/site\/wp-content\/uploads\/2019\/03\/MODULO-2-300x163.jpg 300w, https:\/\/jesquina.com.br\/site\/wp-content\/uploads\/2019\/03\/MODULO-2-768x418.jpg 768w, https:\/\/jesquina.com.br\/site\/wp-content\/uploads\/2019\/03\/MODULO-2-100x54.jpg 100w, https:\/\/jesquina.com.br\/site\/wp-content\/uploads\/2019\/03\/MODULO-2-150x82.jpg 150w, https:\/\/jesquina.com.br\/site\/wp-content\/uploads\/2019\/03\/MODULO-2-200x109.jpg 200w, https:\/\/jesquina.com.br\/site\/wp-content\/uploads\/2019\/03\/MODULO-2-450x245.jpg 450w, https:\/\/jesquina.com.br\/site\/wp-content\/uploads\/2019\/03\/MODULO-2-600x326.jpg 600w, https:\/\/jesquina.com.br\/site\/wp-content\/uploads\/2019\/03\/MODULO-2-900x489.jpg 900w, https:\/\/jesquina.com.br\/site\/wp-content\/uploads\/2019\/03\/MODULO-2.jpg 1039w\" sizes=\"auto, (max-width: 605px) 100vw, 605px\" \/><\/p>\n<p>Uma vez definidos os componentes necess\u00e1rios para produ\u00e7\u00e3o da mesa de escrit\u00f3rio, passamos para o m\u00f3dulo dois onde ser\u00e3o relacionadas todas as pe\u00e7as que comp\u00f5e a mesa. Para um levantamento preciso das pe\u00e7as devemos elaborar um projeto detalhando cada uma das partes da mesa. Neste m\u00f3dulo vamos calcular apenas o custo do material usado, lembrando que neste caso n\u00e3o descontamos as perdas, estas ficam embutidas no custo.<\/p>\n<p><strong>TAMPO DA MESA ( 1,22 ML CADA &#8211; LADO ESQUERDO, DIREITO E CENTRO )<\/strong><\/p>\n<p>&nbsp;<\/p>\n<p><strong>TRAVESSA DO TAMPO ( 0,6 ML CADA &#8211; DUAS PE\u00c7AS )<\/strong><\/p>\n<p><strong>\u00a0<\/strong><strong>P\u00c9 DA MESA ( 0,75 ML CADA &#8211; QUATRO PE\u00c7AS )<\/strong><\/p>\n<p><strong>TRAVA DO P\u00c9 DA MESA ( 0,583 ML CADA &#8211; DUAS PE\u00c7AS )<\/strong><\/p>\n<p><strong>COLA PARA MADEIRA (0,300 L )<\/strong><\/p>\n<p><strong>\u00a0<\/strong><strong>LIXA PARA MADEIRA (3 FL )<\/strong><\/p>\n<p><strong>\u00a0<\/strong><strong>VERNIZ PARA MADEIRA (0,5 L )<\/strong><\/p>\n<p><strong>\u00a0<\/strong><strong>TAMPO DE VIDRO LISO 5mm (0,653M<sup>2<\/sup> )<\/strong><\/p>\n<p style=\"text-align: center;\"><strong>\u00a0<\/strong><strong>FORMULA\u00c7\u00c3O DOS PROCESSOS<\/strong><\/p>\n<p><img loading=\"lazy\" decoding=\"async\" class=\"wp-image-656 aligncenter\" src=\"https:\/\/jesquina.com.br\/site\/wp-content\/uploads\/2019\/03\/MODULO-3.jpg\" alt=\"\" width=\"541\" height=\"206\" srcset=\"https:\/\/jesquina.com.br\/site\/wp-content\/uploads\/2019\/03\/MODULO-3.jpg 875w, https:\/\/jesquina.com.br\/site\/wp-content\/uploads\/2019\/03\/MODULO-3-300x114.jpg 300w, https:\/\/jesquina.com.br\/site\/wp-content\/uploads\/2019\/03\/MODULO-3-768x292.jpg 768w, https:\/\/jesquina.com.br\/site\/wp-content\/uploads\/2019\/03\/MODULO-3-100x38.jpg 100w, https:\/\/jesquina.com.br\/site\/wp-content\/uploads\/2019\/03\/MODULO-3-150x57.jpg 150w, https:\/\/jesquina.com.br\/site\/wp-content\/uploads\/2019\/03\/MODULO-3-200x76.jpg 200w, https:\/\/jesquina.com.br\/site\/wp-content\/uploads\/2019\/03\/MODULO-3-450x171.jpg 450w, https:\/\/jesquina.com.br\/site\/wp-content\/uploads\/2019\/03\/MODULO-3-600x228.jpg 600w\" sizes=\"auto, (max-width: 541px) 100vw, 541px\" \/><\/p>\n<p>Uma vez definidos todos os componentes do projeto, vamos relacionar os processos de produ\u00e7\u00e3o separando por etapas ou opera\u00e7\u00f5es. Para fazer a transforma\u00e7\u00e3o dos materiais em uma mesa de escrit\u00f3rio dividimos as opera\u00e7\u00f5es em ordem de fabrica\u00e7\u00e3o:<\/p>\n<ul>\n<li><strong>CORTE -&gt;<\/strong> Neste processo cortamos todas as pe\u00e7as de madeira obedecendo as medidas e os cortes de acordo com o projeto. No corte, temos duas opera\u00e7\u00f5es distintas; o corte \u00e0 m\u00e1quina para retirar as partes n\u00e3o utiliz\u00e1veis na montagem e o corte manual para fazer os detalhes de encaixe. Temos dois tempos distintos para cada opera\u00e7\u00e3o:<\/li>\n<\/ul>\n<p><strong>OPERA\u00c7\u00c3O 1<\/strong><\/p>\n<p>USO DE M\u00c1QUINAS EL\u00c9TRICAS: 1 hora de trabalho a 2,10 a hora (<strong>DEFINIDO NO M\u00d3DULO 1<\/strong>)= 2,10<\/p>\n<p><strong>OPERA\u00c7\u00c3O 2<\/strong><\/p>\n<p>M\u00c3O DE OBRA APLICADA: 1,5 horas de trabalho a 22,50 a hora (<strong>DEFINIDO NO M\u00d3DULO 1<\/strong>)= 33,75<\/p>\n<p>Total do custo da opera\u00e7\u00e3o: <strong>35,85<\/strong><\/p>\n<p><strong>\u00a0<\/strong><\/p>\n<ul>\n<li><strong>LIXAMENTO-&gt; <\/strong>Ap\u00f3s o corte das pe\u00e7as passamos para o processo de lixamento onde se prepara a madeira para o pr\u00f3ximo processo. Temos tamb\u00e9m duas opera\u00e7\u00f5es com tempos distintos:<\/li>\n<\/ul>\n<p><strong>OPERA\u00c7\u00c3O 1<\/strong><\/p>\n<p>USO DE M\u00c1QUINAS EL\u00c9TRICAS: 1,5 horas de trabalho a 2,10 a hora (<strong>DEFINIDO NO M\u00d3DULO 1<\/strong>)= 3,15<\/p>\n<p><strong>OPERA\u00c7\u00c3O 2<\/strong><\/p>\n<p>M\u00c3O DE OBRA: 4 horas de trabalho a 22,50 a hora (<strong>DEFINIDO NO M\u00d3DULO 1<\/strong>)= 90,00<\/p>\n<p><strong>\u00a0<\/strong><\/p>\n<ul>\n<li><strong>APLICA\u00c7\u00c3O DE VERNIZ-&gt; <\/strong>Uma vez as pe\u00e7as de madeiras lixadas e limpas passamos para o terceiro processo onde teremos apenas uma opera\u00e7\u00e3o:<\/li>\n<\/ul>\n<p><strong>OPERA\u00c7\u00c3O 1<\/strong><\/p>\n<p>M\u00c3O DE OBRA: 2 horas de trabalho a 22,50 a hora (<strong>DEFINIDO NO M\u00d3DULO 1<\/strong>)= 45,00<\/p>\n<p><strong>\u00a0<\/strong><\/p>\n<ul>\n<li><strong>MONTAGEM-&gt; <\/strong>Ap\u00f3s a produ\u00e7\u00e3o das pe\u00e7as passamos para o processo de montagem onde tamb\u00e9m ser\u00e1 apicada apenas uma opera\u00e7\u00e3o:<\/li>\n<\/ul>\n<p><strong>OPERA\u00c7\u00c3O 1<\/strong><\/p>\n<p>M\u00c3O DE OBRA: 2 horas de trabalho a 22,50 a hora (<strong>DEFINIDO NO M\u00d3DULO 1<\/strong>)= 45,00<\/p>\n<p><strong>\u00a0<\/strong><\/p>\n<p style=\"text-align: center;\"><strong>APURA\u00c7\u00c3O DO CUSTO<\/strong><\/p>\n<p><img loading=\"lazy\" decoding=\"async\" class=\"wp-image-652 aligncenter\" src=\"https:\/\/jesquina.com.br\/site\/wp-content\/uploads\/2019\/03\/MODULO-4.jpg\" alt=\"\" width=\"233\" height=\"234\" srcset=\"https:\/\/jesquina.com.br\/site\/wp-content\/uploads\/2019\/03\/MODULO-4.jpg 365w, https:\/\/jesquina.com.br\/site\/wp-content\/uploads\/2019\/03\/MODULO-4-150x151.jpg 150w, https:\/\/jesquina.com.br\/site\/wp-content\/uploads\/2019\/03\/MODULO-4-298x300.jpg 298w, https:\/\/jesquina.com.br\/site\/wp-content\/uploads\/2019\/03\/MODULO-4-100x101.jpg 100w, https:\/\/jesquina.com.br\/site\/wp-content\/uploads\/2019\/03\/MODULO-4-200x201.jpg 200w, https:\/\/jesquina.com.br\/site\/wp-content\/uploads\/2019\/03\/MODULO-4-300x302.jpg 300w\" sizes=\"auto, (max-width: 233px) 100vw, 233px\" \/><\/p>\n<p>Neste m\u00f3dulo \u00e9 feito um resumo de todos os custos relativos ao projeto de fabrica\u00e7\u00e3o da mesa de escrit\u00f3rio, especificamente juntamos os resultados dos m\u00f3dulos anteriores para fazer a apura\u00e7\u00e3o do custo final:<\/p>\n<p>MATERIAIS = 156,74<\/p>\n<p>OPERA\u00c7\u00c3O DE CORTE = 33,85<\/p>\n<p>OPERA\u00c7\u00c3O DE LIXAMENTO = 93,15<\/p>\n<p>OPERA\u00c7\u00c3O DE APLICA\u00c7\u00c3O DE VERNIZ = 45,00<\/p>\n<p>OPERA\u00c7\u00c3O DE MONTAGEM = 45,00<\/p>\n<p>Custo para produ\u00e7\u00e3o de 1 mesa de escrit\u00f3rio = 375,74<\/p>\n<p>&nbsp;<\/p>\n<p><strong>F<\/strong><strong>INAL<\/strong><\/p>\n<p><img loading=\"lazy\" decoding=\"async\" class=\"alignnone size-large wp-image-653\" src=\"https:\/\/jesquina.com.br\/site\/wp-content\/uploads\/2019\/03\/PLANILHA-GERAL-1024x507.png\" alt=\"\" width=\"605\" height=\"300\" srcset=\"https:\/\/jesquina.com.br\/site\/wp-content\/uploads\/2019\/03\/PLANILHA-GERAL-1024x507.png 1024w, https:\/\/jesquina.com.br\/site\/wp-content\/uploads\/2019\/03\/PLANILHA-GERAL-300x148.png 300w, https:\/\/jesquina.com.br\/site\/wp-content\/uploads\/2019\/03\/PLANILHA-GERAL-768x380.png 768w, https:\/\/jesquina.com.br\/site\/wp-content\/uploads\/2019\/03\/PLANILHA-GERAL-100x49.png 100w, https:\/\/jesquina.com.br\/site\/wp-content\/uploads\/2019\/03\/PLANILHA-GERAL-150x74.png 150w, https:\/\/jesquina.com.br\/site\/wp-content\/uploads\/2019\/03\/PLANILHA-GERAL-200x99.png 200w, https:\/\/jesquina.com.br\/site\/wp-content\/uploads\/2019\/03\/PLANILHA-GERAL-450x223.png 450w, https:\/\/jesquina.com.br\/site\/wp-content\/uploads\/2019\/03\/PLANILHA-GERAL-600x297.png 600w, https:\/\/jesquina.com.br\/site\/wp-content\/uploads\/2019\/03\/PLANILHA-GERAL-900x445.png 900w, https:\/\/jesquina.com.br\/site\/wp-content\/uploads\/2019\/03\/PLANILHA-GERAL.png 1758w\" sizes=\"auto, (max-width: 605px) 100vw, 605px\" \/><\/p>\n<p>Lembramos que este exemplo \u00e9 para fabrica\u00e7\u00e3o de uma \u00fanica mesa de escrit\u00f3rio, no caso da produ\u00e7\u00e3o em s\u00e9rie, os par\u00e2metros de processos devem ser recalculados porque teremos uma opera\u00e7\u00e3o produzindo pe\u00e7as para v\u00e1rias mesas, isto dilui o custo dos processos e consequentemente diminui o custo final da mesa.<\/p>\n<p>Nesta p\u00e1gina voc\u00ea encontra uma planilha de simula\u00e7\u00e3o para download e nela poder\u00e1 fazer an\u00e1lise de custo do seu produto para melhorar o processo de produ\u00e7\u00e3o da sua empresa.<\/p>\n<p>A carga tribut\u00e1ria n\u00e3o est\u00e1 aplicada neste exemplo porque tem varia\u00e7\u00e3o de um setor para outro, ent\u00e3o os custos tribut\u00e1rios dever\u00e3o ser calculados com base na atividade e no tipo de produto fabricado.<\/p>\n","protected":false},"excerpt":{"rendered":"<p>MODELO DE FORMULA\u00c7\u00c3O E PRODUTO &nbsp; FORMULA\u00c7\u00c3O DE PRODUTOS APRESENTA\u00c7\u00c3O \u00a0\u00a0\u00a0\u00a0\u00a0\u00a0\u00a0\u00a0\u00a0\u00a0\u00a0\u00a0\u00a0\u00a0 Produ\u00e7\u00e3o significa transforma\u00e7\u00e3o de mat\u00e9ria prima, insumos e servi\u00e7os em um produto final que pode ser utilizado como insumo de novos produtos ou simplesmente comercializado no mercado. Toda produ\u00e7\u00e3o &hellip;<\/p>\n<p class=\"read-more\"> <a class=\"more-link\" href=\"https:\/\/jesquina.com.br\/site\/producao\/\"> <span class=\"screen-reader-text\">PRODU\u00c7\u00c3O<\/span> Read More &raquo;<\/a><\/p>\n","protected":false},"author":1,"featured_media":0,"parent":0,"menu_order":0,"comment_status":"closed","ping_status":"closed","template":"","meta":{"footnotes":""},"class_list":["post-648","page","type-page","status-publish","hentry"],"_links":{"self":[{"href":"https:\/\/jesquina.com.br\/site\/wp-json\/wp\/v2\/pages\/648","targetHints":{"allow":["GET"]}}],"collection":[{"href":"https:\/\/jesquina.com.br\/site\/wp-json\/wp\/v2\/pages"}],"about":[{"href":"https:\/\/jesquina.com.br\/site\/wp-json\/wp\/v2\/types\/page"}],"author":[{"embeddable":true,"href":"https:\/\/jesquina.com.br\/site\/wp-json\/wp\/v2\/users\/1"}],"replies":[{"embeddable":true,"href":"https:\/\/jesquina.com.br\/site\/wp-json\/wp\/v2\/comments?post=648"}],"version-history":[{"count":5,"href":"https:\/\/jesquina.com.br\/site\/wp-json\/wp\/v2\/pages\/648\/revisions"}],"predecessor-version":[{"id":658,"href":"https:\/\/jesquina.com.br\/site\/wp-json\/wp\/v2\/pages\/648\/revisions\/658"}],"wp:attachment":[{"href":"https:\/\/jesquina.com.br\/site\/wp-json\/wp\/v2\/media?parent=648"}],"curies":[{"name":"wp","href":"https:\/\/api.w.org\/{rel}","templated":true}]}}