{"id":745,"date":"2020-09-18T16:19:18","date_gmt":"2020-09-18T16:19:18","guid":{"rendered":"http:\/\/jesquina.com.br\/site\/?page_id=745"},"modified":"2020-09-18T16:19:18","modified_gmt":"2020-09-18T16:19:18","slug":"instalacao-eletrica","status":"publish","type":"page","link":"https:\/\/jesquina.com.br\/site\/instalacao-eletrica\/","title":{"rendered":"INSTALA\u00c7\u00c3O EL\u00c9TRICA"},"content":{"rendered":"<p><iframe loading=\"lazy\" title=\"EL\u00c9TRICA -  ABERTURA\" width=\"605\" height=\"340\" src=\"https:\/\/www.youtube.com\/embed\/yjWVJvRcGG4?feature=oembed\" frameborder=\"0\" allow=\"accelerometer; autoplay; clipboard-write; encrypted-media; gyroscope; picture-in-picture; web-share\" referrerpolicy=\"strict-origin-when-cross-origin\" allowfullscreen><\/iframe><\/p>\n<p><iframe loading=\"lazy\" title=\"EL\u00c9TRICA - 02 - A COZINHA\" width=\"605\" height=\"340\" src=\"https:\/\/www.youtube.com\/embed\/d6NYDgDvorQ?feature=oembed\" frameborder=\"0\" allow=\"accelerometer; autoplay; clipboard-write; encrypted-media; gyroscope; picture-in-picture; web-share\" referrerpolicy=\"strict-origin-when-cross-origin\" allowfullscreen><\/iframe><\/p>\n<p><iframe loading=\"lazy\" title=\"EL\u00c9TRICA - 03 - O BANHEIRO\" width=\"605\" height=\"340\" src=\"https:\/\/www.youtube.com\/embed\/buR4PmALOPI?feature=oembed\" frameborder=\"0\" allow=\"accelerometer; autoplay; clipboard-write; encrypted-media; gyroscope; picture-in-picture; web-share\" referrerpolicy=\"strict-origin-when-cross-origin\" allowfullscreen><\/iframe><\/p>\n<p><iframe loading=\"lazy\" title=\"EL\u00c9TRICA - 04 - A SALA\" width=\"605\" height=\"340\" src=\"https:\/\/www.youtube.com\/embed\/jAsqdD-OoSA?feature=oembed\" frameborder=\"0\" allow=\"accelerometer; autoplay; clipboard-write; encrypted-media; gyroscope; picture-in-picture; web-share\" referrerpolicy=\"strict-origin-when-cross-origin\" allowfullscreen><\/iframe><\/p>\n<p><iframe loading=\"lazy\" title=\"EL\u00c9TRICA - 05 QUARTO\" width=\"605\" height=\"340\" src=\"https:\/\/www.youtube.com\/embed\/tSfnaS_csws?feature=oembed\" frameborder=\"0\" allow=\"accelerometer; autoplay; clipboard-write; encrypted-media; gyroscope; picture-in-picture; web-share\" referrerpolicy=\"strict-origin-when-cross-origin\" allowfullscreen><\/iframe><\/p>\n<p><iframe loading=\"lazy\" title=\"EL\u00c9TRICA - 06 AREA DE SERVICO\" width=\"605\" height=\"340\" src=\"https:\/\/www.youtube.com\/embed\/k8C3H7ZIMIk?feature=oembed\" frameborder=\"0\" allow=\"accelerometer; autoplay; clipboard-write; encrypted-media; gyroscope; picture-in-picture; web-share\" referrerpolicy=\"strict-origin-when-cross-origin\" allowfullscreen><\/iframe><\/p>\n<p><iframe loading=\"lazy\" title=\"EL\u00c9TRICA - 07 GARAGEM\" width=\"605\" height=\"340\" src=\"https:\/\/www.youtube.com\/embed\/-iBeTul6kOA?feature=oembed\" frameborder=\"0\" allow=\"accelerometer; autoplay; clipboard-write; encrypted-media; gyroscope; picture-in-picture; web-share\" referrerpolicy=\"strict-origin-when-cross-origin\" allowfullscreen><\/iframe><\/p>\n","protected":false},"excerpt":{"rendered":"","protected":false},"author":1,"featured_media":0,"parent":0,"menu_order":0,"comment_status":"closed","ping_status":"closed","template":"","meta":{"footnotes":""},"class_list":["post-745","page","type-page","status-publish","hentry"],"_links":{"self":[{"href":"https:\/\/jesquina.com.br\/site\/wp-json\/wp\/v2\/pages\/745","targetHints":{"allow":["GET"]}}],"collection":[{"href":"https:\/\/jesquina.com.br\/site\/wp-json\/wp\/v2\/pages"}],"about":[{"href":"https:\/\/jesquina.com.br\/site\/wp-json\/wp\/v2\/types\/page"}],"author":[{"embeddable":true,"href":"https:\/\/jesquina.com.br\/site\/wp-json\/wp\/v2\/users\/1"}],"replies":[{"embeddable":true,"href":"https:\/\/jesquina.com.br\/site\/wp-json\/wp\/v2\/comments?post=745"}],"version-history":[{"count":1,"href":"https:\/\/jesquina.com.br\/site\/wp-json\/wp\/v2\/pages\/745\/revisions"}],"predecessor-version":[{"id":746,"href":"https:\/\/jesquina.com.br\/site\/wp-json\/wp\/v2\/pages\/745\/revisions\/746"}],"wp:attachment":[{"href":"https:\/\/jesquina.com.br\/site\/wp-json\/wp\/v2\/media?parent=745"}],"curies":[{"name":"wp","href":"https:\/\/api.w.org\/{rel}","templated":true}]}}